{"id":9,"date":"2017-09-29T11:24:14","date_gmt":"2017-09-29T09:24:14","guid":{"rendered":"http:\/\/www.sior.pl\/?page_id=9"},"modified":"2018-08-27T16:02:15","modified_gmt":"2018-08-27T14:02:15","slug":"strona-glowna","status":"publish","type":"page","link":"https:\/\/www.sior.pl\/","title":{"rendered":"Strona g\u0142\u00f3wna"},"content":{"rendered":"<div class=\"csRow\" style=\"text-align: center;\">\n<div class=\"csColumn\">\n<h2>RTG-R, RTG-S<\/h2>\n<p>Dla nadzoruj\u0105cych stosowanie aparat\u00f3w RTG do cel\u00f3w diagnostyki medycznej, radiologii zabiegowej i radioterapii schorze\u0144 nienowotworowych oraz stomatologii i densytometrii ko\u015bci<\/p>\n<p><a href=\".\/?page_id=52\">Czytaj wi\u0119cej<\/a><\/p>\n<\/div>\n<div class=\"csColumn\">\n<h2>S-A, S-Z, A-A<\/h2>\n<p>Dla operator\u00f3w akcelerator\u00f3w do cel\u00f3w medycznych, urz\u0105dze\u0144 do teleradioterapii i brachyterapii ze \u017ar\u00f3d\u0142ami promieniotw\u00f3rczymi oraz akcelerator\u00f3w do cel\u00f3w niemedycznych<br \/>\n<a href=\"http:\/\/www.sior.pl\/?page_id=55\">Czytaj wi\u0119cej<\/a><\/p>\n<\/div>\n<div class=\"csColumn\">\n<h2>IOR-1Z, IOR-1R, IOR-1, IOR-3<\/h2>\n<p>Inspektorzy Ochrony Radiologicznej typu IOR<br \/>\n<a href=\".\/?page_id=56\">Czytaj wi\u0119cej<\/a><\/p>\n<\/div>\n<\/div>\n<div class=\"csRow\" style=\"text-align: center;\">\n<div class=\"csColumn\">\n<h2>ORP<\/h2>\n<p>Dla os\u00f3b wy\u00adko\u00adnu\u00adj\u0105\u00adcych i nad\u00adzo\u00adru\u00adj\u0105\u00adcych wy\u00adko\u00adny\u00adwa\u00adnie ba\u00adda\u0144 i za\u00adbie\u00adg\u00f3w lecz\u00adni\u00adczych przy u\u017cy\u00adciu pro\u00admie\u00adnio\u00adwa\u00adnia jo\u00adni\u00adzu\u00adj\u0105\u00adce\u00adgo.<br \/>\n<a href=\".\/?page_id=58\">Czytaj wi\u0119cej<\/a><\/p>\n<\/div>\n<div class=\"csColumn\">\n<h2>SZKOLENIA<\/h2>\n<p>Szkolenia z zakresu ochrony radiologicznej dla os\u00f3b, kt\u00f3re w ramach swoich obowi\u0105zk\u00f3w zawodowych maj\u0105 kontakt z promieniowaniem<br \/>\n<a href=\".\/?page_id=858\">Czytaj wi\u0119cej<\/a><\/p>\n<\/div>\n<div class=\"csColumn\">\n<h2>INSPEKTOR OCHRONY RADIOLOGICZNEJ,<br \/>\nPROJEKTY I OBLICZENIA<\/h2>\n<p>Oferujemy us\u0142ugi Inspektora Ochrony Radiologicznej wszystkich typ\u00f3w<br \/>\noraz wykonujemy projekty os\u0142on sta\u0142ych<\/p>\n<p><a href=\".\/?page_id=860\">Czytaj wi\u0119cej<\/a><\/p>\n<\/div>\n<\/div>\n","protected":false},"excerpt":{"rendered":"<p>RTG-R, RTG-S Dla nadzoruj\u0105cych stosowanie aparat\u00f3w RTG do cel\u00f3w diagnostyki medycznej, radiologii zabiegowej i radioterapii schorze\u0144 nienowotworowych oraz stomatologii i densytometrii ko\u015bci Czytaj wi\u0119cej S-A, S-Z, A-A Dla operator\u00f3w akcelerator\u00f3w do cel\u00f3w medycznych, urz\u0105dze\u0144 do teleradioterapii i brachyterapii ze \u017ar\u00f3d\u0142ami promieniotw\u00f3rczymi oraz akcelerator\u00f3w do cel\u00f3w niemedycznych Czytaj wi\u0119cej IOR-1Z, IOR-1R, IOR-1, IOR-3 Inspektorzy Ochrony Radiologicznej typu IOR Czytaj wi\u0119cej ORP Dla os\u00f3b wy\u00adko\u00adnu\u00adj\u0105\u00adcych i nad\u00adzo\u00adru\u00adj\u0105\u00adcych wy\u00adko\u00adny\u00adwa\u00adnie ba\u00adda\u0144 i za\u00adbie\u00adg\u00f3w lecz\u00adni\u00adczych przy u\u017cy\u00adciu pro\u00admie\u00adnio\u00adwa\u00adnia jo\u00adni\u00adzu\u00adj\u0105\u00adce\u00adgo. Czytaj wi\u0119cej SZKOLENIA Szkolenia z zakresu&hellip;<\/p>\n","protected":false},"author":1,"featured_media":0,"parent":0,"menu_order":0,"comment_status":"closed","ping_status":"closed","template":"","meta":{"footnotes":""},"class_list":["post-9","page","type-page","status-publish","hentry"],"_links":{"self":[{"href":"https:\/\/www.sior.pl\/index.php?rest_route=\/wp\/v2\/pages\/9","targetHints":{"allow":["GET"]}}],"collection":[{"href":"https:\/\/www.sior.pl\/index.php?rest_route=\/wp\/v2\/pages"}],"about":[{"href":"https:\/\/www.sior.pl\/index.php?rest_route=\/wp\/v2\/types\/page"}],"author":[{"embeddable":true,"href":"https:\/\/www.sior.pl\/index.php?rest_route=\/wp\/v2\/users\/1"}],"replies":[{"embeddable":true,"href":"https:\/\/www.sior.pl\/index.php?rest_route=%2Fwp%2Fv2%2Fcomments&post=9"}],"version-history":[{"count":142,"href":"https:\/\/www.sior.pl\/index.php?rest_route=\/wp\/v2\/pages\/9\/revisions"}],"predecessor-version":[{"id":2519,"href":"https:\/\/www.sior.pl\/index.php?rest_route=\/wp\/v2\/pages\/9\/revisions\/2519"}],"wp:attachment":[{"href":"https:\/\/www.sior.pl\/index.php?rest_route=%2Fwp%2Fv2%2Fmedia&parent=9"}],"curies":[{"name":"wp","href":"https:\/\/api.w.org\/{rel}","templated":true}]}}