{"id":860,"date":"2018-01-16T19:52:01","date_gmt":"2018-01-16T18:52:01","guid":{"rendered":"http:\/\/www.sior.pl\/?page_id=860"},"modified":"2018-01-24T09:28:02","modified_gmt":"2018-01-24T08:28:02","slug":"inspektor-ochrony-radiologicznej-projekty-i-obliczenia","status":"publish","type":"page","link":"https:\/\/www.sior.pl\/?page_id=860","title":{"rendered":"Inspektor ochrony radiologicznej, projekty i obliczenia"},"content":{"rendered":"<div style=\"border: #ddd 1px solid; ; margin-bottom: 30px; padding: 1em;\">\n<h2 class=\"szkolenia\">Inspektor Ochrony Radiologicznej<\/h2>\n<h3>Co oferujemy?<\/h3>\n<p>Stowarzyszenie Inspektor\u00f3w Ochrony Radiologicznej posiada w swoich szeregach do\u015bwiadczonych inspektor\u00f3w z ca\u0142ej Polski. Je\u017celi poszukujecie Pa\u0144stwo inspektora dla swojej firmy zapraszamy do kontaktu.<\/p>\n<p><strong>Obowi\u0105zki Inspektora Ochrony Radiologicznej:<\/strong><br \/>\n&#8211; nadz\u00f3r nad przestrzeganiem prowadzenia dokumentacji dotycz\u0105cej pracownik\u00f3w;<br \/>\n&#8211; nadz\u00f3r nad spe\u0142nianiem warunk\u00f3w dopuszczaj\u0105cych pracownik\u00f3w do zatrudnienia na danym stanowisku pracy, w tym dotycz\u0105cych szkolenia pracownik\u00f3w na stanowisku pracy w zakresie bezpiecze\u0144stwa j\u0105drowego i ochrony radiologicznej;<br \/>\n&#8211; nadz\u00f3r nad sprawnym dzia\u0142aniem aparatury rentgenowskiej, dozymetrycznej oraz aparatury do wykonywania test\u00f3w wewn\u0119trznej kontroli parametr\u00f3w aparatury rentgenowskiej;<br \/>\n&#8211; nadz\u00f3r nad wykonywaniem podstawowych i specjalistycznych test\u00f3w wewn\u0119trznej kontroli parametr\u00f3w aparatury rentgenowskiej, je\u017celi nie wyznaczono do tego celu innej osoby;<br \/>\n&#8211; dokonuj\u0119 oceny nara\u017cenia pracownik\u00f3w na podstawie wynik\u00f3w pomiar\u00f3w dawek indywidualnych lub pomiar\u00f3w dozymetrycznych w \u015brodowisku pracy wsp\u00f3\u0142pracuj\u0119 z organami nadzoru nad pracowniami rtg;<br \/>\n&#8211; nadz\u00f3r nad dzia\u0142aniem sygnalizacji ostrzegawczej oraz nad prawid\u0142owym oznakowaniem miejsc pracy;<br \/>\n&#8211; wsp\u00f3\u0142praca z organami nadzoru nad pracowniami i gabinetami RTG.<br \/>\n&#8211; nadz\u00f3r nad post\u0119powaniem wynikaj\u0105cym z planu post\u0119powania awaryjnego, je\u017celi na terenie pracowni lub gabinetu RTG zaistnieje zdarzenie radiacyjne. <\/p>\n<p><strong>Uprawnienia Inspektora Ochrony Radiologicznej:<\/strong><br \/>\n&#8211; prowadzenie konsultacji z kierownikiem jednostki organizacyjnej w zakresie polepszenia stanu ochrony radiologicznej w gabinecie lub pracowni RTG<br \/>\n&#8211; sprawdzania kwalifikacji pracownik\u00f3w w zakresie bezpiecze\u0144stwa j\u0105drowego i ochrony radiologicznej<br \/>\n&#8211; mo\u017ce wyst\u0105pi\u0107 z wnioskiem o wprowadzenie zmian w instrukcjach pracy, je\u017celi zmiany nie zwi\u0119kszaj\u0105 limit\u00f3w u\u017cytkowych dawki okre\u015blonych w zezwoleniu;<br \/>\n&#8211; wydaje opini\u0119, w ramach badania i sprawdzania urz\u0105dze\u0144 ochronnych i przyrz\u0105d\u00f3w pomiarowych w zakresie ich skuteczno\u015bci i sprawno\u015bci.\n<\/div>\n<div style=\"border: #ddd 1px solid; ; margin-bottom: 30px; padding: 1em;\">\n<h2 class=\"szkolenia\">Projekty i obliczenia<\/h2>\n<h3>Co oferujemy?<\/h3>\n<p>\nZajmujemy si\u0119 opracowywaniem dokumentacji projektowej pracowni rentgenowskich \u2013 obliczanie os\u0142on sta\u0142ych przed promieniowaniem X. <\/p>\n<p>Ka\u017cdy projekt przygotowywany jest indywidualnie, a obliczenia dostosowane s\u0105 do parametr\u00f3w \u017ar\u00f3d\u0142a promieniowania i otoczenia w jakim ma ono pracowa\u0107.<\/p>\n<p>Wykonujemy projekty os\u0142on sta\u0142ych dla pracowni: rentgenowskich, izotopowych, weterynaryjnych, przemys\u0142owych i innych oraz gabinet\u00f3w stomatologicznych.\n<\/p>\n<\/div>\n","protected":false},"excerpt":{"rendered":"<p>Inspektor Ochrony Radiologicznej Co oferujemy? Stowarzyszenie Inspektor\u00f3w Ochrony Radiologicznej posiada w swoich szeregach do\u015bwiadczonych inspektor\u00f3w z ca\u0142ej Polski. Je\u017celi poszukujecie Pa\u0144stwo inspektora dla swojej firmy zapraszamy do kontaktu. Obowi\u0105zki Inspektora Ochrony Radiologicznej: &#8211; nadz\u00f3r nad przestrzeganiem prowadzenia dokumentacji dotycz\u0105cej pracownik\u00f3w; &#8211; nadz\u00f3r nad spe\u0142nianiem warunk\u00f3w dopuszczaj\u0105cych pracownik\u00f3w do zatrudnienia na danym stanowisku pracy, w tym dotycz\u0105cych szkolenia pracownik\u00f3w na stanowisku pracy w zakresie bezpiecze\u0144stwa j\u0105drowego i ochrony radiologicznej; &#8211; nadz\u00f3r nad sprawnym dzia\u0142aniem aparatury rentgenowskiej, dozymetrycznej oraz aparatury do wykonywania&hellip;<\/p>\n","protected":false},"author":1,"featured_media":0,"parent":0,"menu_order":0,"comment_status":"closed","ping_status":"closed","template":"","meta":{"footnotes":""},"class_list":["post-860","page","type-page","status-publish","hentry"],"_links":{"self":[{"href":"https:\/\/www.sior.pl\/index.php?rest_route=\/wp\/v2\/pages\/860","targetHints":{"allow":["GET"]}}],"collection":[{"href":"https:\/\/www.sior.pl\/index.php?rest_route=\/wp\/v2\/pages"}],"about":[{"href":"https:\/\/www.sior.pl\/index.php?rest_route=\/wp\/v2\/types\/page"}],"author":[{"embeddable":true,"href":"https:\/\/www.sior.pl\/index.php?rest_route=\/wp\/v2\/users\/1"}],"replies":[{"embeddable":true,"href":"https:\/\/www.sior.pl\/index.php?rest_route=%2Fwp%2Fv2%2Fcomments&post=860"}],"version-history":[{"count":5,"href":"https:\/\/www.sior.pl\/index.php?rest_route=\/wp\/v2\/pages\/860\/revisions"}],"predecessor-version":[{"id":885,"href":"https:\/\/www.sior.pl\/index.php?rest_route=\/wp\/v2\/pages\/860\/revisions\/885"}],"wp:attachment":[{"href":"https:\/\/www.sior.pl\/index.php?rest_route=%2Fwp%2Fv2%2Fmedia&parent=860"}],"curies":[{"name":"wp","href":"https:\/\/api.w.org\/{rel}","templated":true}]}}