{"id":74,"date":"2017-10-18T22:16:08","date_gmt":"2017-10-18T20:16:08","guid":{"rendered":"http:\/\/www.sior.pl\/?page_id=74"},"modified":"2026-01-31T13:52:04","modified_gmt":"2026-01-31T12:52:04","slug":"przystap-do-sior","status":"publish","type":"page","link":"https:\/\/www.sior.pl\/?page_id=74","title":{"rendered":"Przyst\u0105p do SIOR"},"content":{"rendered":"<div style=\"text-align: left;\" align=\"center\">\n<p>Je\u015bli jeste\u015b zainteresowany przyst\u0105pieniem do Stowarzyszenia, wy\u015blij wype\u0142nion\u0105 deklaracj\u0119 cz\u0142onkowsk\u0105 wraz ze zgod\u0105 na przetwarzanie danych osobowych na adres Stowarzyszenia.<\/p>\n<p><a href=\"http:\/\/www.sior.pl\/dokumenty\/formularze\/deklaracja.pdf\" target=\"_blank\" rel=\"noopener\" data-wplink-edit=\"true\">Deklaracja.pdf<\/a><a href=\"https:\/\/www.sior.pl\/wp-content\/uploads\/2026\/01\/Zgoda_RODO_dla_czlonka-_SIOR_2026.pdf\"><br \/>\nZgoda na przetwarzanie danych<\/a><\/p>\n<\/div>\n<div style=\"text-align: left;\" align=\"center\">Uprasza si\u0119 o regulowanie sk\u0142adek cz\u0142onkowskich. Cz\u0142onkowie zalegaj\u0105cy ze sk\u0142adkami b\u0119d\u0105 skre\u015blani z listy cz\u0142onk\u00f3w Stowarzyszenia zgodnie ze statutem.<br \/>\nRoczna sk\u0142adka cz\u0142onkowska wynosi 75 z\u0142.Sk\u0142adki nale\u017cy wp\u0142aca\u0107 na konto: PKO S.A. V O Pozna\u0144 42 1240 3767 1111 0000 4065 4184<br \/>\nz dopiskiem \u201eSk\u0142adka cz\u0142onkowska Imi\u0119 i Nazwisko za \u2026\u2026.. rok\u201d.<\/p>\n<\/div>\n","protected":false},"excerpt":{"rendered":"<p>Je\u015bli jeste\u015b zainteresowany przyst\u0105pieniem do Stowarzyszenia, wy\u015blij wype\u0142nion\u0105 deklaracj\u0119 cz\u0142onkowsk\u0105 wraz ze zgod\u0105 na przetwarzanie danych osobowych na adres Stowarzyszenia. Deklaracja.pdf Zgoda na przetwarzanie danych Uprasza si\u0119 o regulowanie sk\u0142adek cz\u0142onkowskich. Cz\u0142onkowie zalegaj\u0105cy ze sk\u0142adkami b\u0119d\u0105 skre\u015blani z listy cz\u0142onk\u00f3w Stowarzyszenia zgodnie ze statutem. Roczna sk\u0142adka cz\u0142onkowska wynosi 75 z\u0142.Sk\u0142adki nale\u017cy wp\u0142aca\u0107 na konto: PKO S.A. V O Pozna\u0144 42 1240 3767 1111 0000 4065 4184 z dopiskiem \u201eSk\u0142adka cz\u0142onkowska Imi\u0119 i Nazwisko za \u2026\u2026.. rok\u201d.<\/p>\n","protected":false},"author":1,"featured_media":0,"parent":0,"menu_order":0,"comment_status":"closed","ping_status":"closed","template":"","meta":{"footnotes":""},"class_list":["post-74","page","type-page","status-publish","hentry"],"_links":{"self":[{"href":"https:\/\/www.sior.pl\/index.php?rest_route=\/wp\/v2\/pages\/74","targetHints":{"allow":["GET"]}}],"collection":[{"href":"https:\/\/www.sior.pl\/index.php?rest_route=\/wp\/v2\/pages"}],"about":[{"href":"https:\/\/www.sior.pl\/index.php?rest_route=\/wp\/v2\/types\/page"}],"author":[{"embeddable":true,"href":"https:\/\/www.sior.pl\/index.php?rest_route=\/wp\/v2\/users\/1"}],"replies":[{"embeddable":true,"href":"https:\/\/www.sior.pl\/index.php?rest_route=%2Fwp%2Fv2%2Fcomments&post=74"}],"version-history":[{"count":4,"href":"https:\/\/www.sior.pl\/index.php?rest_route=\/wp\/v2\/pages\/74\/revisions"}],"predecessor-version":[{"id":3646,"href":"https:\/\/www.sior.pl\/index.php?rest_route=\/wp\/v2\/pages\/74\/revisions\/3646"}],"wp:attachment":[{"href":"https:\/\/www.sior.pl\/index.php?rest_route=%2Fwp%2Fv2%2Fmedia&parent=74"}],"curies":[{"name":"wp","href":"https:\/\/api.w.org\/{rel}","templated":true}]}}