{"id":72,"date":"2017-10-18T22:16:08","date_gmt":"2017-10-18T20:16:08","guid":{"rendered":"http:\/\/www.sior.pl\/?page_id=72"},"modified":"2024-04-08T14:37:47","modified_gmt":"2024-04-08T12:37:47","slug":"statut","status":"publish","type":"page","link":"https:\/\/www.sior.pl\/?page_id=72","title":{"rendered":"Statut"},"content":{"rendered":"\n<p><\/p>\n\n\n<p><a href=\".\/wp-content\/uploads\/2024\/04\/SIOR_statut_tekst_jednolity.docx\" data-wplink-edit=\"true\">Statut Stowarzyszenia Inspektor\u00f3w Ochrony Radiologicznej z siedzib\u0105 w Poznaniu 14.08.2020 &#8211; DOC<\/a><\/p>\n<p><a href=\".\/wp-content\/uploads\/2024\/04\/SIOR_statut_tekst_jednolity.pdf\" data-wplink-edit=\"true\">Statut Stowarzyszenia Inspektor\u00f3w Ochrony Radiologicznej z siedzib\u0105 w Poznaniu 14.08.2020 &#8211; PDF<\/a><\/p>","protected":false},"excerpt":{"rendered":"<p>Statut Stowarzyszenia Inspektor\u00f3w Ochrony Radiologicznej z siedzib\u0105 w Poznaniu 14.08.2020 &#8211; DOC Statut Stowarzyszenia Inspektor\u00f3w Ochrony Radiologicznej z siedzib\u0105 w Poznaniu 14.08.2020 &#8211; PDF<\/p>\n","protected":false},"author":1,"featured_media":0,"parent":0,"menu_order":0,"comment_status":"closed","ping_status":"closed","template":"","meta":{"footnotes":""},"class_list":["post-72","page","type-page","status-publish","hentry"],"_links":{"self":[{"href":"https:\/\/www.sior.pl\/index.php?rest_route=\/wp\/v2\/pages\/72","targetHints":{"allow":["GET"]}}],"collection":[{"href":"https:\/\/www.sior.pl\/index.php?rest_route=\/wp\/v2\/pages"}],"about":[{"href":"https:\/\/www.sior.pl\/index.php?rest_route=\/wp\/v2\/types\/page"}],"author":[{"embeddable":true,"href":"https:\/\/www.sior.pl\/index.php?rest_route=\/wp\/v2\/users\/1"}],"replies":[{"embeddable":true,"href":"https:\/\/www.sior.pl\/index.php?rest_route=%2Fwp%2Fv2%2Fcomments&post=72"}],"version-history":[{"count":10,"href":"https:\/\/www.sior.pl\/index.php?rest_route=\/wp\/v2\/pages\/72\/revisions"}],"predecessor-version":[{"id":3402,"href":"https:\/\/www.sior.pl\/index.php?rest_route=\/wp\/v2\/pages\/72\/revisions\/3402"}],"wp:attachment":[{"href":"https:\/\/www.sior.pl\/index.php?rest_route=%2Fwp%2Fv2%2Fmedia&parent=72"}],"curies":[{"name":"wp","href":"https:\/\/api.w.org\/{rel}","templated":true}]}}