{"id":69,"date":"2017-10-18T22:16:08","date_gmt":"2017-10-18T20:16:08","guid":{"rendered":"http:\/\/www.sior.pl\/?page_id=69"},"modified":"2025-09-03T10:30:01","modified_gmt":"2025-09-03T08:30:01","slug":"osoby","status":"publish","type":"page","link":"https:\/\/www.sior.pl\/?page_id=69","title":{"rendered":"Zarz\u0105d i komisja rewizyjna"},"content":{"rendered":"\n<div class=\"wp-block-group\"><div class=\"wp-block-group__inner-container is-layout-constrained wp-block-group-is-layout-constrained\">\n<table border=\"0\">\n<tbody>\n<tr align=\"center\">\n<td colspan=\"2\"><strong>ZARZ\u0104D<\/strong><\/td>\n<\/tr>\n<tr align=\"center\">\n<td colspan=\"2\"><strong>Prezes<\/strong><\/td>\n<\/tr>\n<tr align=\"center\">\n<td colspan=\"2\">Rafa\u0142 Pietrzyk\n<\/br>tel. kom. 503 890 007<\/td>\n<\/tr>\n<tr align=\"center\">\n<td colspan=\"2\"><strong>Wiceprezes<\/strong><\/td>\n<\/tr>\n<tr align=\"center\">\n<td colspan=\"2\">Karolina Cegio\u0142ka<br \/>tel. kom. 505 805 578<\/td>\n<\/tr>\n<tr align=\"center\">\n<td colspan=\"2\"><strong>Cz\u0142onkowie<\/strong><\/td>\n<\/tr>\n<tr align=\"center\">\n<td colspan=\"2\">Adam Wr\u00f3bel<br \/>tel. kom. 503 026 203 e-mail:<a href=\"mailto:wrobel-adam@o2.pl\">wrobel-adam@o2.pl<\/a><\/td>\n<\/tr>\n<tr>\n<td align=\"center\"><strong>Sekretarz<\/strong><\/td>\n<td align=\"center\"><strong>Skarbnik<\/strong><\/td>\n<\/tr>\n<tr valign=\"top\">\n<td align=\"center\">prof. dr hab. Maciej Budzanowski<\/td>\n<td align=\"center\">Anna Zaj\u0105c-Wo\u017anialis<br \/>tel. kom. 693 668 878<\/td>\n<\/tr>\n<tr align=\"center\">\n<td colspan=\"2\"><strong>Prezes Honorowy<\/strong><\/td>\n<\/tr>\n<tr align=\"center\">\n<td colspan=\"2\">Maria Kubicka<br \/>tel. kom. 666 352 235 e-mail:<a href=\"mailto:kubicka6@onet.pl\">kubicka6@onet.pl<\/a><\/td>\n<\/tr>\n<tr align=\"center\">\n<td colspan=\"2\"><strong>KOMISJA REWIZYJNA<\/strong><\/td>\n<\/tr>\n<tr align=\"center\">\n<td colspan=\"2\"><strong>Przewodnicz\u0105cy<\/strong><\/td>\n<\/tr>\n<tr align=\"center\">\n<td colspan=\"2\">J\u00f3zef Karaszewski<br \/>tel. kom. 602 329 094<br \/><span id=\"cloak0426bab42ced113c97bfb459ac96c9c0\"><a href=\"mailto:jozef.karaszewski@onet.pl\">jozef.karaszewski@onet.pl<\/a><\/span><\/td>\n<\/tr>\n<tr align=\"center\">\n<td colspan=\"2\"><strong>Cz\u0142onkowie<\/strong><\/td>\n<\/tr>\n<tr valign=\"top\">\n<td align=\"center\">Kamila Urbaniak<br \/>tel. kom. 535 380 468<br \/><a href=\"mailto:kamila.urbaniak.k@gmail.com\">kamila.urbaniak.k@gmail.com<\/a><\/td>\n<td align=\"center\">Gra\u017cyna Ibron<br \/>tel. kom. 502 534 396<br \/><a href=\"mailto:grazyna@uwm.edu.pl\">grazyna@uwm.edu.pl<\/a><\/td>\n<\/tr>\n<\/tbody>\n<\/table>\n<p align=\"center\">Ksi\u0119gowo\u015b\u0107 SIOR prowadzi:<\/p>\n<p>MB Audyt sp. z o.o.<br \/>ul. Wagrowska 2,<br \/>61-371 Pozna\u0144<\/p>\n<p>Ksi\u0119gowa &#8211;\u00a0Violetta Szmyt<br \/>tel.\/fax 61 6 793 116<br \/>kom. 789 334 894<br \/><span id=\"cloak6a4602811e04f3cdb8938b64e4ad5e51\"><a href=\"mailto:a.frackowiak@mbaudyt.pl\">w.szmyt@mbaudyt.pl<\/a><\/span><br \/><a href=\"http:\/\/www.mbaudyt.pl\" target=\"_blank\" rel=\"noopener noreferrer\">www.mbaudyt.pl<\/a><\/p>\n<\/div><\/div>\n","protected":false},"excerpt":{"rendered":"<p>ZARZ\u0104D Prezes Rafa\u0142 Pietrzyk tel. kom. 503 890 007 Wiceprezes Karolina Cegio\u0142katel. kom. 505 805 578 Cz\u0142onkowie Adam Wr\u00f3beltel. kom. 503 026 203 e-mail:wrobel-adam@o2.pl Sekretarz Skarbnik prof. dr hab. Maciej Budzanowski Anna Zaj\u0105c-Wo\u017anialistel. kom. 693 668 878 Prezes Honorowy Maria Kubickatel. kom. 666 352 235 e-mail:kubicka6@onet.pl KOMISJA REWIZYJNA Przewodnicz\u0105cy J\u00f3zef Karaszewskitel. kom. 602 329 094jozef.karaszewski@onet.pl Cz\u0142onkowie Kamila Urbaniaktel. kom. 535 380 468kamila.urbaniak.k@gmail.com Gra\u017cyna Ibrontel. kom. 502 534 396grazyna@uwm.edu.pl Ksi\u0119gowo\u015b\u0107 SIOR prowadzi: MB Audyt sp. z o.o.ul. Wagrowska 2,61-371 Pozna\u0144 Ksi\u0119gowa&hellip;<\/p>\n","protected":false},"author":1,"featured_media":0,"parent":0,"menu_order":0,"comment_status":"closed","ping_status":"closed","template":"","meta":{"footnotes":""},"class_list":["post-69","page","type-page","status-publish","hentry"],"_links":{"self":[{"href":"https:\/\/www.sior.pl\/index.php?rest_route=\/wp\/v2\/pages\/69","targetHints":{"allow":["GET"]}}],"collection":[{"href":"https:\/\/www.sior.pl\/index.php?rest_route=\/wp\/v2\/pages"}],"about":[{"href":"https:\/\/www.sior.pl\/index.php?rest_route=\/wp\/v2\/types\/page"}],"author":[{"embeddable":true,"href":"https:\/\/www.sior.pl\/index.php?rest_route=\/wp\/v2\/users\/1"}],"replies":[{"embeddable":true,"href":"https:\/\/www.sior.pl\/index.php?rest_route=%2Fwp%2Fv2%2Fcomments&post=69"}],"version-history":[{"count":41,"href":"https:\/\/www.sior.pl\/index.php?rest_route=\/wp\/v2\/pages\/69\/revisions"}],"predecessor-version":[{"id":3593,"href":"https:\/\/www.sior.pl\/index.php?rest_route=\/wp\/v2\/pages\/69\/revisions\/3593"}],"wp:attachment":[{"href":"https:\/\/www.sior.pl\/index.php?rest_route=%2Fwp%2Fv2%2Fmedia&parent=69"}],"curies":[{"name":"wp","href":"https:\/\/api.w.org\/{rel}","templated":true}]}}