{"id":68,"date":"2017-10-18T22:16:08","date_gmt":"2017-10-18T20:16:08","guid":{"rendered":"http:\/\/www.sior.pl\/?page_id=68"},"modified":"2026-01-29T17:49:23","modified_gmt":"2026-01-29T16:49:23","slug":"historia","status":"publish","type":"page","link":"https:\/\/www.sior.pl\/?page_id=68","title":{"rendered":"Historia"},"content":{"rendered":"<p align=\"justify\">W Wielkopolskim Centrum Onkologii (w osobach Marii Kubickiej i Jerzego Kierzkowskiego) w Poznaniu zrodzi\u0142 si\u0119 pomys\u0142 organizowania regularnych spotka\u0144 Inspektor\u00f3w Ochrony Radiologicznej.<\/p>\n<p align=\"justify\">W pierwszym spotkaniu w 1998 roku uczestniczy\u0142y 33 osoby z o\u015brodk\u00f3w onkologicznych. W nast\u0119pnych latach 48 os\u00f3b (1990r), 78 os\u00f3b, (2000r), 91 os\u00f3b w 2001 i 2002 r. Poruszano istotne tematy z dziedziny praktyki ochrony radiologicznej m.in. przepisy prawne, nowe programy szkole\u0144, zapewnienie jako\u015bci w radioterapii i diagnostyce radiologicznej, dzia\u0142alno\u015bci pracowni wzorcowania prowadzonej dla potrzeb ochrony radiologicznej i wiele innych.<\/p>\n<p align=\"justify\">W ka\u017cdym ze spotka\u0144 uczestniczyli przedstawiciele Pa\u0144stwowej Agencji Atomistyki, Centralnego Laboratorium Ochrony Radiologicznej, firm produkuj\u0105cych urz\u0105dzenia diagnostyczne i terapeutyczne, przedstawiciele Stacji Sanitarno Epidemiologicznych, o\u015brodk\u00f3w onkologicznych i zak\u0142ad\u00f3w medycyny nuklearnej.<\/p>\n<p align=\"justify\">Ze wzgl\u0119du na rosn\u0105ce zainteresowanie spotkaniami, w dniu 8 marca 2001r w Wielkopolskim Centrum Onkologii w Poznaniu odby\u0142o si\u0119 spotkanie Komitetu Za\u0142o\u017cycielskiego Stowarzyszenia Inspektor\u00f3w Ochrony Radiologicznej. Wzi\u0119\u0142o w nim udzia\u0142 15 os\u00f3b. Powo\u0142ano Stowarzyszenie Inspektor\u00f3w Ochrony Radiologicznej z siedzib\u0105 w Wielkopolskim Centrum Onkologii w Poznaniu, uchwalono Statut Stowarzyszenia i wybrano jego organy.<\/p>\n<p align=\"justify\">W dniu 2 pa\u017adziernika 2001 roku, Stowarzyszenie zosta\u0142o zarejestrowane w Krajowym S\u0105dzie Rejestrowym pod numerem 0000068003. Terenem dzia\u0142ania Stowarzyszenia jest obszar ca\u0142ej Rzeczpospolitej Polskiej. Siedziba Zarz\u0105du i Komisji Rewizyjnej mie\u015bci si\u0119 przy ul. Mi\u0142a 21 w Poznaniu.<br \/>\nStowarzyszenie opiera swoj\u0105 dzia\u0142alno\u015b\u0107 na pracy spo\u0142ecznej cz\u0142onk\u00f3w.<br \/>\nSzczeg\u00f3\u0142owe informacje zawarte s\u0105 w Statucie Stowarzyszenia.<\/p>\n<p align=\"justify\">W chwili obecnej Stowarzyszenie liczy ju\u017c <strong>140 cz\u0142onk\u00f3w<\/strong>!!!<\/p>\n","protected":false},"excerpt":{"rendered":"<p>W Wielkopolskim Centrum Onkologii (w osobach Marii Kubickiej i Jerzego Kierzkowskiego) w Poznaniu zrodzi\u0142 si\u0119 pomys\u0142 organizowania regularnych spotka\u0144 Inspektor\u00f3w Ochrony Radiologicznej. W pierwszym spotkaniu w 1998 roku uczestniczy\u0142y 33 osoby z o\u015brodk\u00f3w onkologicznych. W nast\u0119pnych latach 48 os\u00f3b (1990r), 78 os\u00f3b, (2000r), 91 os\u00f3b w 2001 i 2002 r. Poruszano istotne tematy z dziedziny praktyki ochrony radiologicznej m.in. przepisy prawne, nowe programy szkole\u0144, zapewnienie jako\u015bci w radioterapii i diagnostyce radiologicznej, dzia\u0142alno\u015bci pracowni wzorcowania prowadzonej dla potrzeb ochrony radiologicznej i&hellip;<\/p>\n","protected":false},"author":1,"featured_media":0,"parent":0,"menu_order":0,"comment_status":"closed","ping_status":"closed","template":"","meta":{"footnotes":""},"class_list":["post-68","page","type-page","status-publish","hentry"],"_links":{"self":[{"href":"https:\/\/www.sior.pl\/index.php?rest_route=\/wp\/v2\/pages\/68","targetHints":{"allow":["GET"]}}],"collection":[{"href":"https:\/\/www.sior.pl\/index.php?rest_route=\/wp\/v2\/pages"}],"about":[{"href":"https:\/\/www.sior.pl\/index.php?rest_route=\/wp\/v2\/types\/page"}],"author":[{"embeddable":true,"href":"https:\/\/www.sior.pl\/index.php?rest_route=\/wp\/v2\/users\/1"}],"replies":[{"embeddable":true,"href":"https:\/\/www.sior.pl\/index.php?rest_route=%2Fwp%2Fv2%2Fcomments&post=68"}],"version-history":[{"count":4,"href":"https:\/\/www.sior.pl\/index.php?rest_route=\/wp\/v2\/pages\/68\/revisions"}],"predecessor-version":[{"id":3638,"href":"https:\/\/www.sior.pl\/index.php?rest_route=\/wp\/v2\/pages\/68\/revisions\/3638"}],"wp:attachment":[{"href":"https:\/\/www.sior.pl\/index.php?rest_route=%2Fwp%2Fv2%2Fmedia&parent=68"}],"curies":[{"name":"wp","href":"https:\/\/api.w.org\/{rel}","templated":true}]}}