{"id":58,"date":"2017-10-18T22:16:08","date_gmt":"2017-10-18T20:16:08","guid":{"rendered":"http:\/\/www.sior.pl\/?page_id=58"},"modified":"2026-01-29T17:51:30","modified_gmt":"2026-01-29T16:51:30","slug":"ochrona-radiologiczna-pacjenta","status":"publish","type":"page","link":"https:\/\/www.sior.pl\/?page_id=58","title":{"rendered":"Ochrona Radiologiczna Pacjenta"},"content":{"rendered":"<div style=\"border: #ddd 1px solid; ; margin-bottom: 30px; padding: 1em;\">\n<h2 class=\"szkolenia\">Szkolenie<\/h2>\n<h3>Jak si\u0119 zg\u0142osi\u0107 na szkolenie?<\/h3>\n<h6>Wszystkich ch\u0119tnych prosimy o kontakt:<\/h6>\n<h6>&#8211; Karolina Cegio\u0142ka,<a href=\"tel:+48505805578\">tel. 505 805 578<\/a> e-mail: <a href=\"mailto:zarzad@sior.pl\">zarzad@sior.pl<\/a><\/h6>\n<p>Kursy Ochrony Radiologicznej Pacjenta s\u0105 organizowane na wniosek zainteresowanych i w zale\u017cno\u015bci od liczby zg\u0142oszonych uczestnik\u00f3w.<\/p>\n<hr \/>\n<p>Przed wype\u0142nieniem formularza zg\u0142oszeniowego nale\u017cy pobra\u0107 oraz uzupe\u0142ni\u0107 poni\u017csze dokumenty<\/p>\n<ul class=\"zalaczniki\">\n<li>O\u015bwiadczenie o posiadaniu pe\u0142nych praw <a href=\".\/dokumenty\/formularze\/Oswiadczenie_o_pelni_praw.pdf\">[PDF]<\/a><\/li>\n<li>Zgoda na przetwarzanie danych osobowych dla uczestnik\u00f3w kurs\u00f3w i szkole\u0144 <a href=\".\/dokumenty\/formularze\/Zgoda_uczestnika_SIOR.pdf\">[PDF]<\/a><\/li>\n<li>Wniosek o dopuszczenie do egzaminu ORP <a href=\".\/dokumenty\/formularze\/Wniosek_egzamin_ORP.pdf\">[PDF]<\/a><\/li>\n<\/ul>\n<p>Powy\u017csze dokumenty nale\u017cy podpisa\u0107 i obligatoryjnie dostarczy\u0107 w dniu szkolenia lub za\u0142\u0105czy\u0107 do formularza zg\u0142oszeniowego<br \/>\n<a href=\".\/?page_id=430\">Formularz zg\u0142oszeniowy na szkolenie i egzamin<\/a><\/p>\n<h3>Informacje praktyczne<\/h3>\n<p>1) SIOR zobowi\u0105zuje si\u0119 do przeprowadzenia szkolenia w o\u015brodku Zamawiaj\u0105cego.<br \/>\n2) SIOR zapewnia w miar\u0119 potrzeb sprz\u0119t multimedialny do przeprowadzenia szkolenia.<br \/>\n3) Szkolenie obejmuje 21-27 godzin lekcyjnych. ( ilo\u015b\u0107 godzin zale\u017cy od specjalizacji )<br \/>\n4) Termin szkolenia: do uzgodnienia.<br \/>\n5) Cena kursu do uzgodnienia w zale\u017cno\u015bci od ilo\u015bci os\u00f3b szkolonych.<br \/>\n6) Szkolenie obejmuje: wyk\u0142ady, materia\u0142y szkoleniowe, za\u015bwiadczenia o odbytym szkoleniu, certyfikat zdania egzaminu.<br \/>\n7) Nale\u017cno\u015b\u0107 za przeprowadzone szkolenie i egzamin prosimy przekaza\u0107 na konto:<br \/>\nSIOR<br \/>\nul. Mi\u0142a 21, 60-586 Pozna\u0144<br \/>\n<strong>42 1240 3767 1111 0000 4065 4184<\/strong>.<br \/>\nTermin p\u0142atno\u015bci to 14 dni przed przeprowadzeniem egzaminu. Faktura zostanie przes\u0142ana w terminie 7 dni po otrzymaniu wp\u0142aty.<\/p>\n<p>8) Po zaksi\u0119gowaniu p\u0142atno\u015bci, na adres mailowy podany podczas rejestracji, zostanie przes\u0142any link do pobrania materia\u0142\u00f3w szkoleniowych<br \/>\n9) Szkolenie zako\u0144czone jest egzaminem testowym i potwierdzone certyfikatem kt\u00f3rego wa\u017cno\u015b\u0107 wynosi 5 lat.<br \/>\n10) Przed rozpocz\u0119ciem szkolenia nale\u017cy przes\u0142a\u0107 do SIOR dane uczestnik\u00f3w:<br \/>\nnazwisko, imi\u0119, PESEL, miejsce urodzenia.<br \/>\n11) Certyfikat upowa\u017cnia pracownik\u00f3w do pracy zgodnej z zakresem szkolenia ORP.<\/p>\n<div class=\"programszkolenia_wrapper\"><a id=\"programszkolenia_toggle\" href=\"#0\">Program szkolenia (poka\u017c)<\/a><\/div>\n<div id=\"programszkolenia\" style=\"display: none;\"><a href=\".\/dokumenty\/akty%20prawne\/RMZ 2011_265 zal7.pdf\" target=\"_blank\" rel=\"noopener noreferrer\">Za\u0142\u0105cznik nr 7<\/a> do Rozporz\u0105dzenie Ministra Zdrowia z dnia 18 lutego 2011 r. w sprawie warunk\u00f3w bezpiecznego stosowania promieniowania jonizuj\u0105cego dla wszystkich rodzaj\u00f3w ekspozycji medycznej<\/div>\n<\/div>\n<div style=\"border: #ddd 1px solid; ; margin-bottom: 30px; padding: 1em;\">\n<h2 class=\"szkolenia\">Egzamin<\/h2>\n<h3>Jak si\u0119 zg\u0142osi\u0107 na egzamin?<\/h3>\n<h3>Kiedy przyst\u0105pi\u0107 do egzaminu bez szkolenia?<\/h3>\n<h4>Podstawa prawna<\/h4>\n<h4>Warunki<\/h4>\n<p>Zwolnione z udzia\u0142u w szkoleniu mog\u0105 by\u0107 osoby, o kt\u00f3rych mowa w art. 33c ust. 5 ustawy, kt\u00f3re:<br \/>\n1) uzyska\u0142y uprawnienia technika elektroradiologii lub<br \/>\n2) uzyska\u0142y tytu\u0142 fizyka medycznego albo in\u017cyniera medycznego, lub<br \/>\n3) uzyska\u0142y uprawnienia inspektora ochrony radiologicznej w rozumieniu przepis\u00f3w wydanych na podstawie art. 12 ust. 2 lub 3 ustawy, lub<br \/>\n4) uko\u0144czy\u0142y studia wy\u017csze w rozumieniu ustawy z dnia 27 lipca 2005 r. &#8211; Prawo o szkolnictwie wy\u017cszym (Dz. U. Nr 164, poz. 1365, z p\u00f3\u017an. zm.5)) i uzyska\u0142y tytu\u0142 zawodowy, lub<br \/>\n5) uko\u0144czy\u0142y specjalizacj\u0119 z radiologii i diagnostyki obrazowej, medycyny nuklearnej lub radioterapii onkologicznej<br \/>\n&#8211; i wyka\u017c\u0105 komisji egzaminacyjnej, o kt\u00f3rej mowa w \u00a7 11 ust. 1, \u017ce program nauczania obejmowa\u0142 zagadnienia z zakresu ochrony radiologicznej pacjenta z danego zakresu specjalno\u015bci w wymiarze co najmniej takim jak okre\u015blony w za\u0142\u0105czniku nr 7 do rozporz\u0105dzenia, mog\u0105 przyst\u0105pi\u0107 do egzaminu w terminie do 6 miesi\u0119cy od daty uzyskania odpowiednio uprawnie\u0144, tytu\u0142u, dyplomu lub specjalizacji.<\/p>\n<h3>Informacje praktyczne<\/h3>\n<h5>Miejsce egzaminu<\/h5>\n<p>Termin i miejsce egzaminu pa\u0144stwowego zostanie uzgodniony indywidualnie z zainteresowanymi.<\/p>\n<h4>Przebieg egzaminu<\/h4>\n<p>Egzamin jest przeprowadzany w formie testu obejmuj\u0105cego od 30 do 40 pyta\u0144 i trwa 60 minut.<br \/>\nPytania maj\u0105 form\u0119 testu z trzema mo\u017cliwo\u015bciami odpowiedzi do wyboru i przynajmniej jedn\u0105 odpowiedzi\u0105 prawid\u0142ow\u0105.<br \/>\nWarunkiem zdania egzaminu jest udzielenie prawid\u0142owych odpowiedzi na co najmniej 70% pyta\u0144.<br \/>\nOsoba, kt\u00f3ra nie zda egzaminu lub kt\u00f3ra nie przyst\u0105pi\u0142a do egzaminu, mo\u017ce przyst\u0105pi\u0107 do niego bez uczestniczenia w szkoleniu w dziedzinie ochrony radiologicznej pacjenta w terminie 6 miesi\u0119cy od daty zako\u0144czenia tego szkolenia.<\/p>\n<\/div>\n","protected":false},"excerpt":{"rendered":"<p>Szkolenie Jak si\u0119 zg\u0142osi\u0107 na szkolenie? Wszystkich ch\u0119tnych prosimy o kontakt: &#8211; Karolina Cegio\u0142ka,tel. 505 805 578 e-mail: zarzad@sior.pl Kursy Ochrony Radiologicznej Pacjenta s\u0105 organizowane na wniosek zainteresowanych i w zale\u017cno\u015bci od liczby zg\u0142oszonych uczestnik\u00f3w. Przed wype\u0142nieniem formularza zg\u0142oszeniowego nale\u017cy pobra\u0107 oraz uzupe\u0142ni\u0107 poni\u017csze dokumenty O\u015bwiadczenie o posiadaniu pe\u0142nych praw [PDF] Zgoda na przetwarzanie danych osobowych dla uczestnik\u00f3w kurs\u00f3w i szkole\u0144 [PDF] Wniosek o dopuszczenie do egzaminu ORP [PDF] Powy\u017csze dokumenty nale\u017cy podpisa\u0107 i obligatoryjnie dostarczy\u0107 w dniu szkolenia lub&hellip;<\/p>\n","protected":false},"author":1,"featured_media":0,"parent":0,"menu_order":0,"comment_status":"closed","ping_status":"closed","template":"","meta":{"footnotes":""},"class_list":["post-58","page","type-page","status-publish","hentry"],"_links":{"self":[{"href":"https:\/\/www.sior.pl\/index.php?rest_route=\/wp\/v2\/pages\/58","targetHints":{"allow":["GET"]}}],"collection":[{"href":"https:\/\/www.sior.pl\/index.php?rest_route=\/wp\/v2\/pages"}],"about":[{"href":"https:\/\/www.sior.pl\/index.php?rest_route=\/wp\/v2\/types\/page"}],"author":[{"embeddable":true,"href":"https:\/\/www.sior.pl\/index.php?rest_route=\/wp\/v2\/users\/1"}],"replies":[{"embeddable":true,"href":"https:\/\/www.sior.pl\/index.php?rest_route=%2Fwp%2Fv2%2Fcomments&post=58"}],"version-history":[{"count":39,"href":"https:\/\/www.sior.pl\/index.php?rest_route=\/wp\/v2\/pages\/58\/revisions"}],"predecessor-version":[{"id":3639,"href":"https:\/\/www.sior.pl\/index.php?rest_route=\/wp\/v2\/pages\/58\/revisions\/3639"}],"wp:attachment":[{"href":"https:\/\/www.sior.pl\/index.php?rest_route=%2Fwp%2Fv2%2Fmedia&parent=58"}],"curies":[{"name":"wp","href":"https:\/\/api.w.org\/{rel}","templated":true}]}}